{"id":1998,"date":"2025-11-18T12:50:08","date_gmt":"2025-11-18T12:50:08","guid":{"rendered":"https:\/\/laescuelavirogas.com\/?post_type=product&#038;p=1998"},"modified":"2025-11-18T12:50:31","modified_gmt":"2025-11-18T12:50:31","slug":"iniciacion-a-la-barberia-professional-training-6-meses-2","status":"publish","type":"product","link":"https:\/\/laescuelavirogas.com\/en\/product\/iniciacion-a-la-barberia-professional-training-6-meses-2\/","title":{"rendered":"Introduction to Barbering Professional Training (6 months)"},"content":{"rendered":"<p>Kick-start your barbering career with our basic course, where you&#039;ll learn fundamental cutting, shaving, and beard care techniques, combining theory and practice for comprehensive training.<\/p>","protected":false},"excerpt":{"rendered":"<p>Kick-start your barbering career with our basic course, where you&#039;ll learn fundamental cutting, shaving, and beard care techniques, combining theory and practice for comprehensive training.<\/p>","protected":false},"featured_media":1969,"template":"","meta":[],"product_brand":[],"product_cat":[24],"product_tag":[30],"class_list":{"0":"post-1998","1":"product","2":"type-product","3":"status-publish","4":"has-post-thumbnail","6":"product_cat-iniciacion","7":"product_tag-iniciacion","9":"first","10":"instock","11":"shipping-taxable","12":"purchasable","13":"product-type-simple"},"yoast_head":"<!-- This site is optimized with the Yoast SEO plugin v27.5 - https:\/\/yoast.com\/product\/yoast-seo-wordpress\/ -->\n<title>Iniciaci\u00f3n a la barber\u00eda Professional Training (6 meses) | La Escuela Virogas<\/title>\n<meta name=\"robots\" content=\"index, follow, max-snippet:-1, max-image-preview:large, max-video-preview:-1\" \/>\n<link rel=\"canonical\" href=\"https:\/\/laescuelavirogas.com\/en\/product\/iniciacion-a-la-barberia-professional-training-6-meses-2\/\" \/>\n<meta property=\"og:locale\" content=\"en_GB\" \/>\n<meta property=\"og:type\" content=\"article\" \/>\n<meta property=\"og:title\" content=\"Iniciaci\u00f3n a la barber\u00eda Professional Training (6 meses) | La Escuela Virogas\" \/>\n<meta property=\"og:description\" content=\"Inicia tu carrera en barber\u00eda con nuestro curso b\u00e1sico, donde aprender\u00e1s t\u00e9cnicas fundamentales de corte, afeitado y cuidado de barba, combinando teor\u00eda y pr\u00e1ctica para una formaci\u00f3n integral.\" \/>\n<meta property=\"og:url\" content=\"https:\/\/laescuelavirogas.com\/en\/product\/iniciacion-a-la-barberia-professional-training-6-meses-2\/\" \/>\n<meta property=\"og:site_name\" content=\"La Escuela Virogas\" \/>\n<meta property=\"article:publisher\" content=\"https:\/\/www.facebook.com\/profile.php?id=61557962925349\" \/>\n<meta property=\"article:modified_time\" content=\"2025-11-18T12:50:31+00:00\" \/>\n<meta property=\"og:image\" content=\"https:\/\/laescuelavirogas.com\/wp-content\/uploads\/2025\/11\/iniciacion.webp\" \/>\n\t<meta property=\"og:image:width\" content=\"905\" \/>\n\t<meta property=\"og:image:height\" content=\"1280\" \/>\n\t<meta property=\"og:image:type\" content=\"image\/webp\" \/>\n<meta name=\"twitter:card\" content=\"summary_large_image\" \/>\n<meta name=\"twitter:label1\" content=\"Estimated reading time\" \/>\n\t<meta name=\"twitter:data1\" content=\"1 minute\" \/>\n<script type=\"application\/ld+json\" class=\"yoast-schema-graph\">{\"@context\":\"https:\\\/\\\/schema.org\",\"@graph\":[{\"@type\":\"WebPage\",\"@id\":\"https:\\\/\\\/laescuelavirogas.com\\\/producto\\\/iniciacion-a-la-barberia-professional-training-6-meses-2\\\/\",\"url\":\"https:\\\/\\\/laescuelavirogas.com\\\/producto\\\/iniciacion-a-la-barberia-professional-training-6-meses-2\\\/\",\"name\":\"Iniciaci\u00f3n a la barber\u00eda Professional Training (6 meses) | La Escuela Virogas\",\"isPartOf\":{\"@id\":\"https:\\\/\\\/laescuelavirogas.com\\\/#website\"},\"primaryImageOfPage\":{\"@id\":\"https:\\\/\\\/laescuelavirogas.com\\\/producto\\\/iniciacion-a-la-barberia-professional-training-6-meses-2\\\/#primaryimage\"},\"image\":{\"@id\":\"https:\\\/\\\/laescuelavirogas.com\\\/producto\\\/iniciacion-a-la-barberia-professional-training-6-meses-2\\\/#primaryimage\"},\"thumbnailUrl\":\"https:\\\/\\\/laescuelavirogas.com\\\/wp-content\\\/uploads\\\/2025\\\/11\\\/iniciacion.webp\",\"datePublished\":\"2025-11-18T12:50:08+00:00\",\"dateModified\":\"2025-11-18T12:50:31+00:00\",\"breadcrumb\":{\"@id\":\"https:\\\/\\\/laescuelavirogas.com\\\/producto\\\/iniciacion-a-la-barberia-professional-training-6-meses-2\\\/#breadcrumb\"},\"inLanguage\":\"en-GB\",\"potentialAction\":[{\"@type\":\"ReadAction\",\"target\":[\"https:\\\/\\\/laescuelavirogas.com\\\/producto\\\/iniciacion-a-la-barberia-professional-training-6-meses-2\\\/\"]}]},{\"@type\":\"ImageObject\",\"inLanguage\":\"en-GB\",\"@id\":\"https:\\\/\\\/laescuelavirogas.com\\\/producto\\\/iniciacion-a-la-barberia-professional-training-6-meses-2\\\/#primaryimage\",\"url\":\"https:\\\/\\\/laescuelavirogas.com\\\/wp-content\\\/uploads\\\/2025\\\/11\\\/iniciacion.webp\",\"contentUrl\":\"https:\\\/\\\/laescuelavirogas.com\\\/wp-content\\\/uploads\\\/2025\\\/11\\\/iniciacion.webp\",\"width\":905,\"height\":1280,\"caption\":\"Curso de iniciaci\u00f3n\"},{\"@type\":\"BreadcrumbList\",\"@id\":\"https:\\\/\\\/laescuelavirogas.com\\\/producto\\\/iniciacion-a-la-barberia-professional-training-6-meses-2\\\/#breadcrumb\",\"itemListElement\":[{\"@type\":\"ListItem\",\"position\":1,\"name\":\"Portada\",\"item\":\"https:\\\/\\\/laescuelavirogas.com\\\/\"},{\"@type\":\"ListItem\",\"position\":2,\"name\":\"Cursos\",\"item\":\"https:\\\/\\\/laescuelavirogas.com\\\/cursos\\\/\"},{\"@type\":\"ListItem\",\"position\":3,\"name\":\"Iniciaci\u00f3n a la barber\u00eda Professional Training (6 meses)\"}]},{\"@type\":\"WebSite\",\"@id\":\"https:\\\/\\\/laescuelavirogas.com\\\/#website\",\"url\":\"https:\\\/\\\/laescuelavirogas.com\\\/\",\"name\":\"La Escuela Virogas\",\"description\":\"Centro formativo para barberos\",\"publisher\":{\"@id\":\"https:\\\/\\\/laescuelavirogas.com\\\/#organization\"},\"alternateName\":\"La Escuela de barberos Virogas\",\"potentialAction\":[{\"@type\":\"SearchAction\",\"target\":{\"@type\":\"EntryPoint\",\"urlTemplate\":\"https:\\\/\\\/laescuelavirogas.com\\\/?s={search_term_string}\"},\"query-input\":{\"@type\":\"PropertyValueSpecification\",\"valueRequired\":true,\"valueName\":\"search_term_string\"}}],\"inLanguage\":\"en-GB\"},{\"@type\":\"Organization\",\"@id\":\"https:\\\/\\\/laescuelavirogas.com\\\/#organization\",\"name\":\"La Escuela Virogas\",\"url\":\"https:\\\/\\\/laescuelavirogas.com\\\/\",\"logo\":{\"@type\":\"ImageObject\",\"inLanguage\":\"en-GB\",\"@id\":\"https:\\\/\\\/laescuelavirogas.com\\\/#\\\/schema\\\/logo\\\/image\\\/\",\"url\":\"https:\\\/\\\/laescuelavirogas.com\\\/wp-content\\\/uploads\\\/2024\\\/10\\\/Group-1125.svg\",\"contentUrl\":\"https:\\\/\\\/laescuelavirogas.com\\\/wp-content\\\/uploads\\\/2024\\\/10\\\/Group-1125.svg\",\"width\":403,\"height\":301,\"caption\":\"La Escuela Virogas\"},\"image\":{\"@id\":\"https:\\\/\\\/laescuelavirogas.com\\\/#\\\/schema\\\/logo\\\/image\\\/\"},\"sameAs\":[\"https:\\\/\\\/www.facebook.com\\\/profile.php?id=61557962925349\",\"https:\\\/\\\/www.instagram.com\\\/laescuelavirogas\\\/\"]}]}<\/script>\n<!-- \/ Yoast SEO plugin. -->","yoast_head_json":{"title":"Iniciaci\u00f3n a la barber\u00eda Professional Training (6 meses) | La Escuela Virogas","robots":{"index":"index","follow":"follow","max-snippet":"max-snippet:-1","max-image-preview":"max-image-preview:large","max-video-preview":"max-video-preview:-1"},"canonical":"https:\/\/laescuelavirogas.com\/en\/product\/iniciacion-a-la-barberia-professional-training-6-meses-2\/","og_locale":"en_GB","og_type":"article","og_title":"Iniciaci\u00f3n a la barber\u00eda Professional Training (6 meses) | La Escuela Virogas","og_description":"Inicia tu carrera en barber\u00eda con nuestro curso b\u00e1sico, donde aprender\u00e1s t\u00e9cnicas fundamentales de corte, afeitado y cuidado de barba, combinando teor\u00eda y pr\u00e1ctica para una formaci\u00f3n integral.","og_url":"https:\/\/laescuelavirogas.com\/en\/product\/iniciacion-a-la-barberia-professional-training-6-meses-2\/","og_site_name":"La Escuela Virogas","article_publisher":"https:\/\/www.facebook.com\/profile.php?id=61557962925349","article_modified_time":"2025-11-18T12:50:31+00:00","og_image":[{"width":905,"height":1280,"url":"https:\/\/laescuelavirogas.com\/wp-content\/uploads\/2025\/11\/iniciacion.webp","type":"image\/webp"}],"twitter_card":"summary_large_image","twitter_misc":{"Estimated reading time":"1 minute"},"schema":{"@context":"https:\/\/schema.org","@graph":[{"@type":"WebPage","@id":"https:\/\/laescuelavirogas.com\/producto\/iniciacion-a-la-barberia-professional-training-6-meses-2\/","url":"https:\/\/laescuelavirogas.com\/producto\/iniciacion-a-la-barberia-professional-training-6-meses-2\/","name":"Iniciaci\u00f3n a la barber\u00eda Professional Training (6 meses) | La Escuela Virogas","isPartOf":{"@id":"https:\/\/laescuelavirogas.com\/#website"},"primaryImageOfPage":{"@id":"https:\/\/laescuelavirogas.com\/producto\/iniciacion-a-la-barberia-professional-training-6-meses-2\/#primaryimage"},"image":{"@id":"https:\/\/laescuelavirogas.com\/producto\/iniciacion-a-la-barberia-professional-training-6-meses-2\/#primaryimage"},"thumbnailUrl":"https:\/\/laescuelavirogas.com\/wp-content\/uploads\/2025\/11\/iniciacion.webp","datePublished":"2025-11-18T12:50:08+00:00","dateModified":"2025-11-18T12:50:31+00:00","breadcrumb":{"@id":"https:\/\/laescuelavirogas.com\/producto\/iniciacion-a-la-barberia-professional-training-6-meses-2\/#breadcrumb"},"inLanguage":"en-GB","potentialAction":[{"@type":"ReadAction","target":["https:\/\/laescuelavirogas.com\/producto\/iniciacion-a-la-barberia-professional-training-6-meses-2\/"]}]},{"@type":"ImageObject","inLanguage":"en-GB","@id":"https:\/\/laescuelavirogas.com\/producto\/iniciacion-a-la-barberia-professional-training-6-meses-2\/#primaryimage","url":"https:\/\/laescuelavirogas.com\/wp-content\/uploads\/2025\/11\/iniciacion.webp","contentUrl":"https:\/\/laescuelavirogas.com\/wp-content\/uploads\/2025\/11\/iniciacion.webp","width":905,"height":1280,"caption":"Curso de iniciaci\u00f3n"},{"@type":"BreadcrumbList","@id":"https:\/\/laescuelavirogas.com\/producto\/iniciacion-a-la-barberia-professional-training-6-meses-2\/#breadcrumb","itemListElement":[{"@type":"ListItem","position":1,"name":"Portada","item":"https:\/\/laescuelavirogas.com\/"},{"@type":"ListItem","position":2,"name":"Cursos","item":"https:\/\/laescuelavirogas.com\/cursos\/"},{"@type":"ListItem","position":3,"name":"Iniciaci\u00f3n a la barber\u00eda Professional Training (6 meses)"}]},{"@type":"WebSite","@id":"https:\/\/laescuelavirogas.com\/#website","url":"https:\/\/laescuelavirogas.com\/","name":"The Virogas School","description":"Training center for barbers","publisher":{"@id":"https:\/\/laescuelavirogas.com\/#organization"},"alternateName":"La Escuela de barberos Virogas","potentialAction":[{"@type":"SearchAction","target":{"@type":"EntryPoint","urlTemplate":"https:\/\/laescuelavirogas.com\/?s={search_term_string}"},"query-input":{"@type":"PropertyValueSpecification","valueRequired":true,"valueName":"search_term_string"}}],"inLanguage":"en-GB"},{"@type":"Organization","@id":"https:\/\/laescuelavirogas.com\/#organization","name":"The Virogas School","url":"https:\/\/laescuelavirogas.com\/","logo":{"@type":"ImageObject","inLanguage":"en-GB","@id":"https:\/\/laescuelavirogas.com\/#\/schema\/logo\/image\/","url":"https:\/\/laescuelavirogas.com\/wp-content\/uploads\/2024\/10\/Group-1125.svg","contentUrl":"https:\/\/laescuelavirogas.com\/wp-content\/uploads\/2024\/10\/Group-1125.svg","width":403,"height":301,"caption":"La Escuela Virogas"},"image":{"@id":"https:\/\/laescuelavirogas.com\/#\/schema\/logo\/image\/"},"sameAs":["https:\/\/www.facebook.com\/profile.php?id=61557962925349","https:\/\/www.instagram.com\/laescuelavirogas\/"]}]}},"_links":{"self":[{"href":"https:\/\/laescuelavirogas.com\/en\/wp-json\/wp\/v2\/product\/1998","targetHints":{"allow":["GET"]}}],"collection":[{"href":"https:\/\/laescuelavirogas.com\/en\/wp-json\/wp\/v2\/product"}],"about":[{"href":"https:\/\/laescuelavirogas.com\/en\/wp-json\/wp\/v2\/types\/product"}],"wp:featuredmedia":[{"embeddable":true,"href":"https:\/\/laescuelavirogas.com\/en\/wp-json\/wp\/v2\/media\/1969"}],"wp:attachment":[{"href":"https:\/\/laescuelavirogas.com\/en\/wp-json\/wp\/v2\/media?parent=1998"}],"wp:term":[{"taxonomy":"product_brand","embeddable":true,"href":"https:\/\/laescuelavirogas.com\/en\/wp-json\/wp\/v2\/product_brand?post=1998"},{"taxonomy":"product_cat","embeddable":true,"href":"https:\/\/laescuelavirogas.com\/en\/wp-json\/wp\/v2\/product_cat?post=1998"},{"taxonomy":"product_tag","embeddable":true,"href":"https:\/\/laescuelavirogas.com\/en\/wp-json\/wp\/v2\/product_tag?post=1998"}],"curies":[{"name":"wp","href":"https:\/\/api.w.org\/{rel}","templated":true}]}}