{"id":34,"date":"2024-08-07T08:56:25","date_gmt":"2024-08-07T08:56:25","guid":{"rendered":"https:\/\/laescuelavirogas.com\/?page_id=34"},"modified":"2024-11-27T10:39:36","modified_gmt":"2024-11-27T10:39:36","slug":"contacto","status":"publish","type":"page","link":"https:\/\/laescuelavirogas.com\/en\/contacto\/","title":{"rendered":"Contact"},"content":{"rendered":"<div data-elementor-type=\"wp-page\" data-elementor-id=\"34\" class=\"elementor elementor-34\">\n\t\t\t\t<div class=\"elementor-element elementor-element-5fe0a84 e-flex e-con-boxed e-con e-parent\" data-id=\"5fe0a84\" data-element_type=\"container\" data-settings=\"{&quot;background_background&quot;:&quot;classic&quot;}\">\n\t\t\t\t\t<div class=\"e-con-inner\">\n\t\t<div class=\"elementor-element elementor-element-d794614 e-con-full e-flex e-con e-child\" data-id=\"d794614\" data-element_type=\"container\">\n\t\t\t\t<div class=\"elementor-element elementor-element-940a683 elementor-widget elementor-widget-heading\" data-id=\"940a683\" data-element_type=\"widget\" data-widget_type=\"heading.default\">\n\t\t\t\t<div class=\"elementor-widget-container\">\n\t\t\t\t\t<h2 class=\"elementor-heading-title elementor-size-default\">Become the professional you always dreamed of at our Barber Academy<\/h2>\t\t\t\t<\/div>\n\t\t\t\t<\/div>\n\t\t\t\t<div class=\"elementor-element elementor-element-f2af276 elementor-widget__width-initial elementor-widget elementor-widget-text-editor\" data-id=\"f2af276\" data-element_type=\"widget\" data-widget_type=\"text-editor.default\">\n\t\t\t\t<div class=\"elementor-widget-container\">\n\t\t\t\t\t\t\t\t\t<p>Learn from experts, master the techniques and turn your passion into a career.<\/p><p>Fill out the form to request more information or ask any questions.<\/p>\t\t\t\t\t\t\t\t<\/div>\n\t\t\t\t<\/div>\n\t\t\t\t<div class=\"elementor-element elementor-element-faa83f3 elementor-widget__width-initial elementor-widget elementor-widget-image\" data-id=\"faa83f3\" data-element_type=\"widget\" data-widget_type=\"image.default\">\n\t\t\t\t<div class=\"elementor-widget-container\">\n\t\t\t\t\t\t\t\t\t\t\t\t\t\t\t<img fetchpriority=\"high\" decoding=\"async\" width=\"800\" height=\"800\" src=\"https:\/\/laescuelavirogas.com\/wp-content\/uploads\/2024\/11\/formacion-para-barberos.gif\" class=\"attachment-full size-full wp-image-1059\" alt=\"\" \/>\t\t\t\t\t\t\t\t\t\t\t\t\t\t\t<\/div>\n\t\t\t\t<\/div>\n\t\t\t\t<\/div>\n\t\t\t\t\t<\/div>\n\t\t\t\t<\/div>\n\t\t<div class=\"elementor-element elementor-element-1e72d4b e-con-full e-flex e-con e-parent\" data-id=\"1e72d4b\" data-element_type=\"container\">\n\t\t\t\t<\/div>\n\t\t<div class=\"elementor-element elementor-element-836e92a e-con-full e-flex e-con e-parent\" data-id=\"836e92a\" data-element_type=\"container\">\n\t\t\t\t<\/div>\n\t\t\t\t<\/div>","protected":false},"excerpt":{"rendered":"<p>Become the professional you&#039;ve always dreamed of at our Barbering Academy. Learn from experts, master the techniques, and turn your passion into a career. Fill out the form to request more information or ask any questions you may have.<\/p>","protected":false},"author":2,"featured_media":0,"parent":0,"menu_order":0,"comment_status":"closed","ping_status":"closed","template":"","meta":{"footnotes":""},"class_list":["post-34","page","type-page","status-publish","hentry"],"yoast_head":"<!-- This site is optimized with the Yoast SEO plugin v27.5 - https:\/\/yoast.com\/product\/yoast-seo-wordpress\/ -->\n<title>Contacto | La Escuela Virogas<\/title>\n<meta name=\"robots\" content=\"index, follow, max-snippet:-1, max-image-preview:large, max-video-preview:-1\" \/>\n<link rel=\"canonical\" href=\"https:\/\/laescuelavirogas.com\/en\/contacto\/\" \/>\n<meta property=\"og:locale\" content=\"en_GB\" \/>\n<meta property=\"og:type\" content=\"article\" \/>\n<meta property=\"og:title\" content=\"Contacto | La Escuela Virogas\" \/>\n<meta property=\"og:description\" content=\"Convi\u00e9rtete en el profesional que siempre so\u00f1aste en nuestra Academia de Barber\u00eda Aprende de expertos, domina las t\u00e9cnicas y transforma tu pasi\u00f3n en una carrera. Rellena el formulario para pedir m\u00e1s informaci\u00f3n o consultar tus dudas.\" \/>\n<meta property=\"og:url\" content=\"https:\/\/laescuelavirogas.com\/en\/contacto\/\" \/>\n<meta property=\"og:site_name\" content=\"La Escuela Virogas\" \/>\n<meta property=\"article:publisher\" content=\"https:\/\/www.facebook.com\/profile.php?id=61557962925349\" \/>\n<meta property=\"article:modified_time\" content=\"2024-11-27T10:39:36+00:00\" \/>\n<meta property=\"og:image\" content=\"https:\/\/laescuelavirogas.com\/wp-content\/uploads\/2024\/11\/formacion-para-barberos.gif\" \/>\n<meta name=\"twitter:card\" content=\"summary_large_image\" \/>\n<script type=\"application\/ld+json\" class=\"yoast-schema-graph\">{\"@context\":\"https:\\\/\\\/schema.org\",\"@graph\":[{\"@type\":\"WebPage\",\"@id\":\"https:\\\/\\\/laescuelavirogas.com\\\/contacto\\\/\",\"url\":\"https:\\\/\\\/laescuelavirogas.com\\\/contacto\\\/\",\"name\":\"Contacto | La Escuela Virogas\",\"isPartOf\":{\"@id\":\"https:\\\/\\\/laescuelavirogas.com\\\/#website\"},\"primaryImageOfPage\":{\"@id\":\"https:\\\/\\\/laescuelavirogas.com\\\/contacto\\\/#primaryimage\"},\"image\":{\"@id\":\"https:\\\/\\\/laescuelavirogas.com\\\/contacto\\\/#primaryimage\"},\"thumbnailUrl\":\"https:\\\/\\\/laescuelavirogas.com\\\/wp-content\\\/uploads\\\/2024\\\/11\\\/formacion-para-barberos.gif\",\"datePublished\":\"2024-08-07T08:56:25+00:00\",\"dateModified\":\"2024-11-27T10:39:36+00:00\",\"breadcrumb\":{\"@id\":\"https:\\\/\\\/laescuelavirogas.com\\\/contacto\\\/#breadcrumb\"},\"inLanguage\":\"en-GB\",\"potentialAction\":[{\"@type\":\"ReadAction\",\"target\":[\"https:\\\/\\\/laescuelavirogas.com\\\/contacto\\\/\"]}]},{\"@type\":\"ImageObject\",\"inLanguage\":\"en-GB\",\"@id\":\"https:\\\/\\\/laescuelavirogas.com\\\/contacto\\\/#primaryimage\",\"url\":\"https:\\\/\\\/laescuelavirogas.com\\\/wp-content\\\/uploads\\\/2024\\\/11\\\/formacion-para-barberos.gif\",\"contentUrl\":\"https:\\\/\\\/laescuelavirogas.com\\\/wp-content\\\/uploads\\\/2024\\\/11\\\/formacion-para-barberos.gif\"},{\"@type\":\"BreadcrumbList\",\"@id\":\"https:\\\/\\\/laescuelavirogas.com\\\/contacto\\\/#breadcrumb\",\"itemListElement\":[{\"@type\":\"ListItem\",\"position\":1,\"name\":\"Portada\",\"item\":\"https:\\\/\\\/laescuelavirogas.com\\\/\"},{\"@type\":\"ListItem\",\"position\":2,\"name\":\"Contacto\"}]},{\"@type\":\"WebSite\",\"@id\":\"https:\\\/\\\/laescuelavirogas.com\\\/#website\",\"url\":\"https:\\\/\\\/laescuelavirogas.com\\\/\",\"name\":\"La Escuela Virogas\",\"description\":\"Centro formativo para barberos\",\"publisher\":{\"@id\":\"https:\\\/\\\/laescuelavirogas.com\\\/#organization\"},\"alternateName\":\"La Escuela de barberos Virogas\",\"potentialAction\":[{\"@type\":\"SearchAction\",\"target\":{\"@type\":\"EntryPoint\",\"urlTemplate\":\"https:\\\/\\\/laescuelavirogas.com\\\/?s={search_term_string}\"},\"query-input\":{\"@type\":\"PropertyValueSpecification\",\"valueRequired\":true,\"valueName\":\"search_term_string\"}}],\"inLanguage\":\"en-GB\"},{\"@type\":\"Organization\",\"@id\":\"https:\\\/\\\/laescuelavirogas.com\\\/#organization\",\"name\":\"La Escuela Virogas\",\"url\":\"https:\\\/\\\/laescuelavirogas.com\\\/\",\"logo\":{\"@type\":\"ImageObject\",\"inLanguage\":\"en-GB\",\"@id\":\"https:\\\/\\\/laescuelavirogas.com\\\/#\\\/schema\\\/logo\\\/image\\\/\",\"url\":\"https:\\\/\\\/laescuelavirogas.com\\\/wp-content\\\/uploads\\\/2024\\\/10\\\/Group-1125.svg\",\"contentUrl\":\"https:\\\/\\\/laescuelavirogas.com\\\/wp-content\\\/uploads\\\/2024\\\/10\\\/Group-1125.svg\",\"width\":403,\"height\":301,\"caption\":\"La Escuela Virogas\"},\"image\":{\"@id\":\"https:\\\/\\\/laescuelavirogas.com\\\/#\\\/schema\\\/logo\\\/image\\\/\"},\"sameAs\":[\"https:\\\/\\\/www.facebook.com\\\/profile.php?id=61557962925349\",\"https:\\\/\\\/www.instagram.com\\\/laescuelavirogas\\\/\"]}]}<\/script>\n<!-- \/ Yoast SEO plugin. -->","yoast_head_json":{"title":"Contacto | La Escuela Virogas","robots":{"index":"index","follow":"follow","max-snippet":"max-snippet:-1","max-image-preview":"max-image-preview:large","max-video-preview":"max-video-preview:-1"},"canonical":"https:\/\/laescuelavirogas.com\/en\/contacto\/","og_locale":"en_GB","og_type":"article","og_title":"Contacto | La Escuela Virogas","og_description":"Convi\u00e9rtete en el profesional que siempre so\u00f1aste en nuestra Academia de Barber\u00eda Aprende de expertos, domina las t\u00e9cnicas y transforma tu pasi\u00f3n en una carrera. Rellena el formulario para pedir m\u00e1s informaci\u00f3n o consultar tus dudas.","og_url":"https:\/\/laescuelavirogas.com\/en\/contacto\/","og_site_name":"La Escuela Virogas","article_publisher":"https:\/\/www.facebook.com\/profile.php?id=61557962925349","article_modified_time":"2024-11-27T10:39:36+00:00","og_image":[{"url":"https:\/\/laescuelavirogas.com\/wp-content\/uploads\/2024\/11\/formacion-para-barberos.gif","type":"","width":"","height":""}],"twitter_card":"summary_large_image","schema":{"@context":"https:\/\/schema.org","@graph":[{"@type":"WebPage","@id":"https:\/\/laescuelavirogas.com\/contacto\/","url":"https:\/\/laescuelavirogas.com\/contacto\/","name":"Contacto | La Escuela Virogas","isPartOf":{"@id":"https:\/\/laescuelavirogas.com\/#website"},"primaryImageOfPage":{"@id":"https:\/\/laescuelavirogas.com\/contacto\/#primaryimage"},"image":{"@id":"https:\/\/laescuelavirogas.com\/contacto\/#primaryimage"},"thumbnailUrl":"https:\/\/laescuelavirogas.com\/wp-content\/uploads\/2024\/11\/formacion-para-barberos.gif","datePublished":"2024-08-07T08:56:25+00:00","dateModified":"2024-11-27T10:39:36+00:00","breadcrumb":{"@id":"https:\/\/laescuelavirogas.com\/contacto\/#breadcrumb"},"inLanguage":"en-GB","potentialAction":[{"@type":"ReadAction","target":["https:\/\/laescuelavirogas.com\/contacto\/"]}]},{"@type":"ImageObject","inLanguage":"en-GB","@id":"https:\/\/laescuelavirogas.com\/contacto\/#primaryimage","url":"https:\/\/laescuelavirogas.com\/wp-content\/uploads\/2024\/11\/formacion-para-barberos.gif","contentUrl":"https:\/\/laescuelavirogas.com\/wp-content\/uploads\/2024\/11\/formacion-para-barberos.gif"},{"@type":"BreadcrumbList","@id":"https:\/\/laescuelavirogas.com\/contacto\/#breadcrumb","itemListElement":[{"@type":"ListItem","position":1,"name":"Portada","item":"https:\/\/laescuelavirogas.com\/"},{"@type":"ListItem","position":2,"name":"Contacto"}]},{"@type":"WebSite","@id":"https:\/\/laescuelavirogas.com\/#website","url":"https:\/\/laescuelavirogas.com\/","name":"The Virogas School","description":"Training center for barbers","publisher":{"@id":"https:\/\/laescuelavirogas.com\/#organization"},"alternateName":"La Escuela de barberos Virogas","potentialAction":[{"@type":"SearchAction","target":{"@type":"EntryPoint","urlTemplate":"https:\/\/laescuelavirogas.com\/?s={search_term_string}"},"query-input":{"@type":"PropertyValueSpecification","valueRequired":true,"valueName":"search_term_string"}}],"inLanguage":"en-GB"},{"@type":"Organization","@id":"https:\/\/laescuelavirogas.com\/#organization","name":"The Virogas School","url":"https:\/\/laescuelavirogas.com\/","logo":{"@type":"ImageObject","inLanguage":"en-GB","@id":"https:\/\/laescuelavirogas.com\/#\/schema\/logo\/image\/","url":"https:\/\/laescuelavirogas.com\/wp-content\/uploads\/2024\/10\/Group-1125.svg","contentUrl":"https:\/\/laescuelavirogas.com\/wp-content\/uploads\/2024\/10\/Group-1125.svg","width":403,"height":301,"caption":"La Escuela Virogas"},"image":{"@id":"https:\/\/laescuelavirogas.com\/#\/schema\/logo\/image\/"},"sameAs":["https:\/\/www.facebook.com\/profile.php?id=61557962925349","https:\/\/www.instagram.com\/laescuelavirogas\/"]}]}},"_links":{"self":[{"href":"https:\/\/laescuelavirogas.com\/en\/wp-json\/wp\/v2\/pages\/34","targetHints":{"allow":["GET"]}}],"collection":[{"href":"https:\/\/laescuelavirogas.com\/en\/wp-json\/wp\/v2\/pages"}],"about":[{"href":"https:\/\/laescuelavirogas.com\/en\/wp-json\/wp\/v2\/types\/page"}],"author":[{"embeddable":true,"href":"https:\/\/laescuelavirogas.com\/en\/wp-json\/wp\/v2\/users\/2"}],"replies":[{"embeddable":true,"href":"https:\/\/laescuelavirogas.com\/en\/wp-json\/wp\/v2\/comments?post=34"}],"version-history":[{"count":0,"href":"https:\/\/laescuelavirogas.com\/en\/wp-json\/wp\/v2\/pages\/34\/revisions"}],"wp:attachment":[{"href":"https:\/\/laescuelavirogas.com\/en\/wp-json\/wp\/v2\/media?parent=34"}],"curies":[{"name":"wp","href":"https:\/\/api.w.org\/{rel}","templated":true}]}}