{"id":14,"date":"2024-08-07T08:54:14","date_gmt":"2024-08-07T08:54:14","guid":{"rendered":"https:\/\/laescuelavirogas.com\/?page_id=14"},"modified":"2025-11-18T12:52:31","modified_gmt":"2025-11-18T12:52:31","slug":"formacion-barberia-profesional-escuela-virogas","status":"publish","type":"page","link":"https:\/\/laescuelavirogas.com\/en\/","title":{"rendered":"Start"},"content":{"rendered":"<div data-elementor-type=\"wp-page\" data-elementor-id=\"14\" class=\"elementor elementor-14\">\n\t\t\t\t<div class=\"elementor-element elementor-element-4a1483c e-con-full e-flex e-con e-parent\" data-id=\"4a1483c\" data-element_type=\"container\" data-settings=\"{&quot;background_background&quot;:&quot;classic&quot;}\">\n\t\t\t\t<div class=\"elementor-element elementor-element-4e8ca77 elementor-widget__width-initial animated-slow elementor-invisible elementor-widget elementor-widget-image\" data-id=\"4e8ca77\" data-element_type=\"widget\" data-settings=\"{&quot;_animation&quot;:&quot;fadeIn&quot;}\" data-widget_type=\"image.default\">\n\t\t\t\t<div class=\"elementor-widget-container\">\n\t\t\t\t\t\t\t\t\t\t\t\t\t\t\t<img fetchpriority=\"high\" decoding=\"async\" width=\"403\" height=\"301\" src=\"https:\/\/laescuelavirogas.com\/wp-content\/uploads\/2024\/10\/Group-1125.svg\" class=\"attachment-full size-full wp-image-565\" alt=\"la escuela de barberos virogas\" \/>\t\t\t\t\t\t\t\t\t\t\t\t\t\t\t<\/div>\n\t\t\t\t<\/div>\n\t\t<div class=\"elementor-element elementor-element-9b7598b e-con-full e-flex e-con e-child\" data-id=\"9b7598b\" data-element_type=\"container\">\n\t\t\t\t<div class=\"elementor-element elementor-element-fe4158a elementor-widget-mobile__width-initial elementor-widget elementor-widget-heading\" data-id=\"fe4158a\" data-element_type=\"widget\" data-widget_type=\"heading.default\">\n\t\t\t\t<div class=\"elementor-widget-container\">\n\t\t\t\t\t<h1 class=\"elementor-heading-title elementor-size-default\">THE VIROGAS SCHOOL<\/h1>\t\t\t\t<\/div>\n\t\t\t\t<\/div>\n\t\t\t\t<div class=\"elementor-element elementor-element-3a240f9 elementor-widget-tablet__width-initial elementor-widget__width-initial elementor-widget elementor-widget-text-editor\" data-id=\"3a240f9\" data-element_type=\"widget\" data-widget_type=\"text-editor.default\">\n\t\t\t\t<div class=\"elementor-widget-container\">\n\t\t\t\t\t\t\t\t\t<p>The Barber Academy in C\u00e1diz. A training center specifically for men&#039;s hairdressing. Virogas School<\/p><p>Reserve your place on our star course.<\/p>\t\t\t\t\t\t\t\t<\/div>\n\t\t\t\t<\/div>\n\t\t\t\t<div class=\"elementor-element elementor-element-88ea48e elementor-align-justify elementor-widget__width-initial elementor-widget elementor-widget-button\" data-id=\"88ea48e\" data-element_type=\"widget\" data-widget_type=\"button.default\">\n\t\t\t\t<div class=\"elementor-widget-container\">\n\t\t\t\t\t\t\t\t\t<div class=\"elementor-button-wrapper\">\n\t\t\t\t\t<a class=\"elementor-button elementor-size-sm\" role=\"button\">\n\t\t\t\t\t\t<span class=\"elementor-button-content-wrapper\">\n\t\t\t\t\t\t\t\t\t<span class=\"elementor-button-text\">Introductory course<\/span>\n\t\t\t\t\t<\/span>\n\t\t\t\t\t<\/a>\n\t\t\t\t<\/div>\n\t\t\t\t\t\t\t\t<\/div>\n\t\t\t\t<\/div>\n\t\t\t\t<\/div>\n\t\t\t\t<\/div>\n\t\t<div class=\"elementor-element elementor-element-fb0a1be e-flex e-con-boxed e-con e-parent\" data-id=\"fb0a1be\" data-element_type=\"container\" data-settings=\"{&quot;background_background&quot;:&quot;classic&quot;}\">\n\t\t\t\t\t<div class=\"e-con-inner\">\n\t\t\t\t<div class=\"elementor-element elementor-element-077541d elementor-widget__width-initial elementor-widget-mobile__width-inherit elementor-widget elementor-widget-image\" data-id=\"077541d\" data-element_type=\"widget\" data-widget_type=\"image.default\">\n\t\t\t\t<div class=\"elementor-widget-container\">\n\t\t\t\t\t\t\t\t\t\t\t\t\t\t\t<img decoding=\"async\" width=\"800\" height=\"800\" src=\"https:\/\/laescuelavirogas.com\/wp-content\/uploads\/2024\/11\/escuela-de-barberia.gif\" class=\"attachment-full size-full wp-image-838\" alt=\"escuela de barberia\" \/>\t\t\t\t\t\t\t\t\t\t\t\t\t\t\t<\/div>\n\t\t\t\t<\/div>\n\t\t<div class=\"elementor-element elementor-element-1bdfd3c e-con-full e-flex e-con e-child\" data-id=\"1bdfd3c\" data-element_type=\"container\">\n\t\t\t\t<div class=\"elementor-element elementor-element-4f2850a elementor-widget__width-initial elementor-widget elementor-widget-heading\" data-id=\"4f2850a\" data-element_type=\"widget\" data-widget_type=\"heading.default\">\n\t\t\t\t<div class=\"elementor-widget-container\">\n\t\t\t\t\t<h2 class=\"elementor-heading-title elementor-size-default\">Meet<br>the school<\/h2>\t\t\t\t<\/div>\n\t\t\t\t<\/div>\n\t\t\t\t<div class=\"elementor-element elementor-element-4614d82 elementor-widget-mobile__width-inherit elementor-widget__width-initial elementor-widget elementor-widget-text-editor\" data-id=\"4614d82\" data-element_type=\"widget\" data-widget_type=\"text-editor.default\">\n\t\t\t\t<div class=\"elementor-widget-container\">\n\t\t\t\t\t\t\t\t\t<p>The Virogas School is a centre specialising in barbering that offers quality training for those who wish to dedicate themselves to this noble profession. Located in the province of Cadiz, it is an exclusive space where we educate and train future professionals of the male image.<\/p><p>With more than 15 years of experience in the barbering and men&#039;s hairdressing sector, at the Virogas School we have two salons dedicated exclusively to the care and style of men.<\/p>\t\t\t\t\t\t\t\t<\/div>\n\t\t\t\t<\/div>\n\t\t\t\t<div class=\"elementor-element elementor-element-cd23e98 elementor-align-justify elementor-widget__width-initial elementor-widget elementor-widget-button\" data-id=\"cd23e98\" data-element_type=\"widget\" data-widget_type=\"button.default\">\n\t\t\t\t<div class=\"elementor-widget-container\">\n\t\t\t\t\t\t\t\t\t<div class=\"elementor-button-wrapper\">\n\t\t\t\t\t<a class=\"elementor-button elementor-button-link elementor-size-sm\" href=\"http:\/\/somo\">\n\t\t\t\t\t\t<span class=\"elementor-button-content-wrapper\">\n\t\t\t\t\t\t\t\t\t<span class=\"elementor-button-text\">About us<\/span>\n\t\t\t\t\t<\/span>\n\t\t\t\t\t<\/a>\n\t\t\t\t<\/div>\n\t\t\t\t\t\t\t\t<\/div>\n\t\t\t\t<\/div>\n\t\t\t\t<\/div>\n\t\t\t\t\t<\/div>\n\t\t\t\t<\/div>\n\t\t<div class=\"elementor-element elementor-element-71271f2 e-flex e-con-boxed e-con e-parent\" data-id=\"71271f2\" data-element_type=\"container\" data-settings=\"{&quot;background_background&quot;:&quot;classic&quot;}\">\n\t\t\t\t\t<div class=\"e-con-inner\">\n\t\t<div class=\"elementor-element elementor-element-55f60cd e-con-full e-flex e-con e-child\" data-id=\"55f60cd\" data-element_type=\"container\">\n\t\t\t\t<div class=\"elementor-element elementor-element-8809635 elementor-widget__width-initial elementor-widget elementor-widget-heading\" data-id=\"8809635\" data-element_type=\"widget\" data-widget_type=\"heading.default\">\n\t\t\t\t<div class=\"elementor-widget-container\">\n\t\t\t\t\t<h3 class=\"elementor-heading-title elementor-size-default\">our courses<\/h3>\t\t\t\t<\/div>\n\t\t\t\t<\/div>\n\t\t\t\t<div class=\"elementor-element elementor-element-956faa9 elementor-widget__width-initial elementor-widget elementor-widget-text-editor\" data-id=\"956faa9\" data-element_type=\"widget\" data-widget_type=\"text-editor.default\">\n\t\t\t\t<div class=\"elementor-widget-container\">\n\t\t\t\t\t\t\t\t\t<p>Our project was born with a clear objective: to share knowledge and train those who wish to become professional barbers, following the renowned Virogas method.<br \/><br \/>Check out our courses!<\/p>\t\t\t\t\t\t\t\t<\/div>\n\t\t\t\t<\/div>\n\t\t\t\t<div class=\"elementor-element elementor-element-37f9908 elementor-align-justify elementor-widget__width-initial elementor-widget elementor-widget-button\" data-id=\"37f9908\" data-element_type=\"widget\" data-widget_type=\"button.default\">\n\t\t\t\t<div class=\"elementor-widget-container\">\n\t\t\t\t\t\t\t\t\t<div class=\"elementor-button-wrapper\">\n\t\t\t\t\t<a class=\"elementor-button elementor-button-link elementor-size-sm\" href=\"https:\/\/laescuelavirogas.com\/en\/product\/curso-iniciacion-virogas\/\">\n\t\t\t\t\t\t<span class=\"elementor-button-content-wrapper\">\n\t\t\t\t\t\t\t\t\t<span class=\"elementor-button-text\">View more courses<\/span>\n\t\t\t\t\t<\/span>\n\t\t\t\t\t<\/a>\n\t\t\t\t<\/div>\n\t\t\t\t\t\t\t\t<\/div>\n\t\t\t\t<\/div>\n\t\t\t\t<\/div>\n\t\t\t\t\t<\/div>\n\t\t\t\t<\/div>\n\t\t<div class=\"elementor-element elementor-element-fb40099 e-con-full e-flex e-con e-parent\" data-id=\"fb40099\" data-element_type=\"container\" data-settings=\"{&quot;background_background&quot;:&quot;classic&quot;}\">\n\t\t\t\t<\/div>\n\t\t<div class=\"elementor-element elementor-element-9c2dbd2 e-flex e-con-boxed e-con e-parent\" data-id=\"9c2dbd2\" data-element_type=\"container\" data-settings=\"{&quot;background_background&quot;:&quot;classic&quot;}\">\n\t\t\t\t\t<div class=\"e-con-inner\">\n\t\t<div class=\"elementor-element elementor-element-2a2fd06 e-con-full e-flex e-con e-child\" data-id=\"2a2fd06\" data-element_type=\"container\">\n\t\t\t\t<div class=\"elementor-element elementor-element-804db43 elementor-widget__width-initial elementor-widget elementor-widget-heading\" data-id=\"804db43\" data-element_type=\"widget\" data-widget_type=\"heading.default\">\n\t\t\t\t<div class=\"elementor-widget-container\">\n\t\t\t\t\t<h2 class=\"elementor-heading-title elementor-size-default\">Be part of our barbering academy in 3 easy steps<\/h2>\t\t\t\t<\/div>\n\t\t\t\t<\/div>\n\t\t\t\t<div class=\"elementor-element elementor-element-ecd06c8 elementor-widget-mobile__width-initial elementor-widget elementor-widget-text-editor\" data-id=\"ecd06c8\" data-element_type=\"widget\" data-widget_type=\"text-editor.default\">\n\t\t\t\t<div class=\"elementor-widget-container\">\n\t\t\t\t\t\t\t\t\t<ol><li>Complete the registration form<\/li><li>Make the registration payment<\/li><li>Confirm your registration<\/li><\/ol>\t\t\t\t\t\t\t\t<\/div>\n\t\t\t\t<\/div>\n\t\t\t\t<div class=\"elementor-element elementor-element-621474d elementor-widget__width-initial elementor-widget-mobile__width-inherit elementor-widget elementor-widget-image\" data-id=\"621474d\" data-element_type=\"widget\" data-widget_type=\"image.default\">\n\t\t\t\t<div class=\"elementor-widget-container\">\n\t\t\t\t\t\t\t\t\t\t\t\t\t\t\t<img decoding=\"async\" width=\"800\" height=\"800\" src=\"https:\/\/laescuelavirogas.com\/wp-content\/uploads\/2024\/11\/viro.gif\" class=\"attachment-full size-full wp-image-949\" alt=\"\" \/>\t\t\t\t\t\t\t\t\t\t\t\t\t\t\t<\/div>\n\t\t\t\t<\/div>\n\t\t\t\t<\/div>\n\t\t\t\t\t<\/div>\n\t\t\t\t<\/div>\n\t\t<div class=\"elementor-element elementor-element-297c2ca e-con-full e-flex e-con e-parent\" data-id=\"297c2ca\" data-element_type=\"container\" data-settings=\"{&quot;background_background&quot;:&quot;classic&quot;}\">\n\t\t\t\t<div class=\"elementor-element elementor-element-e013a7b elementor-widget__width-initial elementor-widget elementor-widget-image\" data-id=\"e013a7b\" data-element_type=\"widget\" data-widget_type=\"image.default\">\n\t\t\t\t<div class=\"elementor-widget-container\">\n\t\t\t\t\t\t\t\t\t\t\t\t\t\t\t<img loading=\"lazy\" decoding=\"async\" width=\"1507\" height=\"1733\" src=\"https:\/\/laescuelavirogas.com\/wp-content\/uploads\/2024\/11\/academia-barberia.webp\" class=\"attachment-full size-full wp-image-1444\" alt=\"\" srcset=\"https:\/\/laescuelavirogas.com\/wp-content\/uploads\/2024\/11\/academia-barberia.webp 1507w, https:\/\/laescuelavirogas.com\/wp-content\/uploads\/2024\/11\/academia-barberia-261x300.webp 261w, https:\/\/laescuelavirogas.com\/wp-content\/uploads\/2024\/11\/academia-barberia-890x1024.webp 890w, https:\/\/laescuelavirogas.com\/wp-content\/uploads\/2024\/11\/academia-barberia-768x883.webp 768w, https:\/\/laescuelavirogas.com\/wp-content\/uploads\/2024\/11\/academia-barberia-1336x1536.webp 1336w, https:\/\/laescuelavirogas.com\/wp-content\/uploads\/2024\/11\/academia-barberia-10x12.webp 10w, https:\/\/laescuelavirogas.com\/wp-content\/uploads\/2024\/11\/academia-barberia-600x690.webp 600w\" sizes=\"(max-width: 1507px) 100vw, 1507px\" \/>\t\t\t\t\t\t\t\t\t\t\t\t\t\t\t<\/div>\n\t\t\t\t<\/div>\n\t\t\t\t<div class=\"elementor-element elementor-element-c5f9021 elementor-widget__width-initial elementor-widget elementor-widget-image\" data-id=\"c5f9021\" data-element_type=\"widget\" data-widget_type=\"image.default\">\n\t\t\t\t<div class=\"elementor-widget-container\">\n\t\t\t\t\t\t\t\t\t\t\t\t\t\t\t<img loading=\"lazy\" decoding=\"async\" width=\"1507\" height=\"1733\" src=\"https:\/\/laescuelavirogas.com\/wp-content\/uploads\/2024\/11\/barberia.webp\" class=\"attachment-full size-full wp-image-1445\" alt=\"\" srcset=\"https:\/\/laescuelavirogas.com\/wp-content\/uploads\/2024\/11\/barberia.webp 1507w, https:\/\/laescuelavirogas.com\/wp-content\/uploads\/2024\/11\/barberia-261x300.webp 261w, https:\/\/laescuelavirogas.com\/wp-content\/uploads\/2024\/11\/barberia-890x1024.webp 890w, https:\/\/laescuelavirogas.com\/wp-content\/uploads\/2024\/11\/barberia-768x883.webp 768w, https:\/\/laescuelavirogas.com\/wp-content\/uploads\/2024\/11\/barberia-1336x1536.webp 1336w, https:\/\/laescuelavirogas.com\/wp-content\/uploads\/2024\/11\/barberia-10x12.webp 10w, https:\/\/laescuelavirogas.com\/wp-content\/uploads\/2024\/11\/barberia-600x690.webp 600w\" sizes=\"(max-width: 1507px) 100vw, 1507px\" \/>\t\t\t\t\t\t\t\t\t\t\t\t\t\t\t<\/div>\n\t\t\t\t<\/div>\n\t\t\t\t<div class=\"elementor-element elementor-element-b120592 elementor-widget__width-initial elementor-widget elementor-widget-image\" data-id=\"b120592\" data-element_type=\"widget\" data-widget_type=\"image.default\">\n\t\t\t\t<div class=\"elementor-widget-container\">\n\t\t\t\t\t\t\t\t\t\t\t\t\t\t\t<img loading=\"lazy\" decoding=\"async\" width=\"1507\" height=\"1718\" src=\"https:\/\/laescuelavirogas.com\/wp-content\/uploads\/2024\/11\/escuela-de-barberia-virogas.webp\" class=\"attachment-full size-full wp-image-948\" alt=\"\" srcset=\"https:\/\/laescuelavirogas.com\/wp-content\/uploads\/2024\/11\/escuela-de-barberia-virogas.webp 1507w, https:\/\/laescuelavirogas.com\/wp-content\/uploads\/2024\/11\/escuela-de-barberia-virogas-600x684.webp 600w, https:\/\/laescuelavirogas.com\/wp-content\/uploads\/2024\/11\/escuela-de-barberia-virogas-263x300.webp 263w, https:\/\/laescuelavirogas.com\/wp-content\/uploads\/2024\/11\/escuela-de-barberia-virogas-898x1024.webp 898w, https:\/\/laescuelavirogas.com\/wp-content\/uploads\/2024\/11\/escuela-de-barberia-virogas-768x876.webp 768w, https:\/\/laescuelavirogas.com\/wp-content\/uploads\/2024\/11\/escuela-de-barberia-virogas-1347x1536.webp 1347w, https:\/\/laescuelavirogas.com\/wp-content\/uploads\/2024\/11\/escuela-de-barberia-virogas-11x12.webp 11w\" sizes=\"(max-width: 1507px) 100vw, 1507px\" \/>\t\t\t\t\t\t\t\t\t\t\t\t\t\t\t<\/div>\n\t\t\t\t<\/div>\n\t\t\t\t<\/div>\n\t\t<div class=\"elementor-element elementor-element-21c3960 e-con-full e-flex e-con e-parent\" data-id=\"21c3960\" data-element_type=\"container\">\n\t\t\t\t<\/div>\n\t\t<div class=\"elementor-element elementor-element-f0042ed e-con-full e-flex e-con e-parent\" data-id=\"f0042ed\" data-element_type=\"container\">\n\t\t\t\t<\/div>\n\t\t\t\t<\/div>","protected":false},"excerpt":{"rendered":"<p>LA ESCUELA VIROGAS La Academia de barber\u00eda en C\u00e1diz. Un centro formativo espec\u00edfico de peluquer\u00eda masculina. Escuela Virogas Reserva tu plaza a nuestro curso estrella. Curso de iniciaci\u00f3n Conocela escuela La Escuela Virogas es un centro especializado en barber\u00eda que ofrece formaci\u00f3n de calidad para aquellos que desean dedicarse a esta noble profesi\u00f3n. Ubicada en [&hellip;]<\/p>\n","protected":false},"author":1,"featured_media":0,"parent":0,"menu_order":0,"comment_status":"closed","ping_status":"closed","template":"","meta":{"footnotes":""},"class_list":["post-14","page","type-page","status-publish","hentry"],"yoast_head":"<!-- This site is optimized with the Yoast SEO plugin v27.5 - https:\/\/yoast.com\/product\/yoast-seo-wordpress\/ -->\n<title>Escuela Virogas: Formaci\u00f3n de Barber\u00eda Profesional en C\u00e1diz | La Escuela Virogas<\/title>\n<meta name=\"description\" content=\"Descubre La Escuela Virogas, referente en formaci\u00f3n de barber\u00eda en C\u00e1diz. Cursos intensivos, pr\u00e1cticas reales y asesoramiento.\" \/>\n<meta name=\"robots\" content=\"index, follow, max-snippet:-1, max-image-preview:large, max-video-preview:-1\" \/>\n<link rel=\"canonical\" href=\"https:\/\/laescuelavirogas.com\/en\/\" \/>\n<meta property=\"og:locale\" content=\"en_GB\" \/>\n<meta property=\"og:type\" content=\"article\" \/>\n<meta property=\"og:title\" content=\"Escuela Virogas: Formaci\u00f3n de Barber\u00eda Profesional en C\u00e1diz | La Escuela Virogas\" \/>\n<meta property=\"og:description\" content=\"Descubre La Escuela Virogas, referente en formaci\u00f3n de barber\u00eda en C\u00e1diz. Cursos intensivos, pr\u00e1cticas reales y asesoramiento.\" \/>\n<meta property=\"og:url\" content=\"https:\/\/laescuelavirogas.com\/en\/\" \/>\n<meta property=\"og:site_name\" content=\"La Escuela Virogas\" \/>\n<meta property=\"article:publisher\" content=\"https:\/\/www.facebook.com\/profile.php?id=61557962925349\" \/>\n<meta property=\"article:modified_time\" content=\"2025-11-18T12:52:31+00:00\" \/>\n<meta name=\"twitter:card\" content=\"summary_large_image\" \/>\n<meta name=\"twitter:label1\" content=\"Estimated reading time\" \/>\n\t<meta name=\"twitter:data1\" content=\"14 minutes\" \/>\n<script type=\"application\/ld+json\" class=\"yoast-schema-graph\">{\"@context\":\"https:\\\/\\\/schema.org\",\"@graph\":[{\"@type\":\"WebPage\",\"@id\":\"https:\\\/\\\/laescuelavirogas.com\\\/\",\"url\":\"https:\\\/\\\/laescuelavirogas.com\\\/\",\"name\":\"Escuela Virogas: Formaci\u00f3n de Barber\u00eda Profesional en C\u00e1diz | La Escuela Virogas\",\"isPartOf\":{\"@id\":\"https:\\\/\\\/laescuelavirogas.com\\\/#website\"},\"primaryImageOfPage\":{\"@id\":\"https:\\\/\\\/laescuelavirogas.com\\\/#primaryimage\"},\"image\":{\"@id\":\"https:\\\/\\\/laescuelavirogas.com\\\/#primaryimage\"},\"thumbnailUrl\":\"https:\\\/\\\/laescuelavirogas.com\\\/wp-content\\\/uploads\\\/2024\\\/10\\\/Group-1125.svg\",\"datePublished\":\"2024-08-07T08:54:14+00:00\",\"dateModified\":\"2025-11-18T12:52:31+00:00\",\"description\":\"Descubre La Escuela Virogas, referente en formaci\u00f3n de barber\u00eda en C\u00e1diz. Cursos intensivos, pr\u00e1cticas reales y asesoramiento.\",\"breadcrumb\":{\"@id\":\"https:\\\/\\\/laescuelavirogas.com\\\/#breadcrumb\"},\"inLanguage\":\"en-GB\",\"potentialAction\":[{\"@type\":\"ReadAction\",\"target\":[\"https:\\\/\\\/laescuelavirogas.com\\\/\"]}]},{\"@type\":\"ImageObject\",\"inLanguage\":\"en-GB\",\"@id\":\"https:\\\/\\\/laescuelavirogas.com\\\/#primaryimage\",\"url\":\"https:\\\/\\\/laescuelavirogas.com\\\/wp-content\\\/uploads\\\/2024\\\/10\\\/Group-1125.svg\",\"contentUrl\":\"https:\\\/\\\/laescuelavirogas.com\\\/wp-content\\\/uploads\\\/2024\\\/10\\\/Group-1125.svg\"},{\"@type\":\"BreadcrumbList\",\"@id\":\"https:\\\/\\\/laescuelavirogas.com\\\/#breadcrumb\",\"itemListElement\":[{\"@type\":\"ListItem\",\"position\":1,\"name\":\"Portada\",\"item\":\"https:\\\/\\\/laescuelavirogas.com\\\/\"},{\"@type\":\"ListItem\",\"position\":2,\"name\":\"Inicio\"}]},{\"@type\":\"WebSite\",\"@id\":\"https:\\\/\\\/laescuelavirogas.com\\\/#website\",\"url\":\"https:\\\/\\\/laescuelavirogas.com\\\/\",\"name\":\"La Escuela Virogas\",\"description\":\"Centro formativo para barberos\",\"publisher\":{\"@id\":\"https:\\\/\\\/laescuelavirogas.com\\\/#organization\"},\"alternateName\":\"La Escuela de barberos Virogas\",\"potentialAction\":[{\"@type\":\"SearchAction\",\"target\":{\"@type\":\"EntryPoint\",\"urlTemplate\":\"https:\\\/\\\/laescuelavirogas.com\\\/?s={search_term_string}\"},\"query-input\":{\"@type\":\"PropertyValueSpecification\",\"valueRequired\":true,\"valueName\":\"search_term_string\"}}],\"inLanguage\":\"en-GB\"},{\"@type\":\"Organization\",\"@id\":\"https:\\\/\\\/laescuelavirogas.com\\\/#organization\",\"name\":\"La Escuela Virogas\",\"url\":\"https:\\\/\\\/laescuelavirogas.com\\\/\",\"logo\":{\"@type\":\"ImageObject\",\"inLanguage\":\"en-GB\",\"@id\":\"https:\\\/\\\/laescuelavirogas.com\\\/#\\\/schema\\\/logo\\\/image\\\/\",\"url\":\"https:\\\/\\\/laescuelavirogas.com\\\/wp-content\\\/uploads\\\/2024\\\/10\\\/Group-1125.svg\",\"contentUrl\":\"https:\\\/\\\/laescuelavirogas.com\\\/wp-content\\\/uploads\\\/2024\\\/10\\\/Group-1125.svg\",\"width\":403,\"height\":301,\"caption\":\"La Escuela Virogas\"},\"image\":{\"@id\":\"https:\\\/\\\/laescuelavirogas.com\\\/#\\\/schema\\\/logo\\\/image\\\/\"},\"sameAs\":[\"https:\\\/\\\/www.facebook.com\\\/profile.php?id=61557962925349\",\"https:\\\/\\\/www.instagram.com\\\/laescuelavirogas\\\/\"]}]}<\/script>\n<!-- \/ Yoast SEO plugin. -->","yoast_head_json":{"title":"Virogas School: Professional Barbering Training in C\u00e1diz | The Virogas School","description":"Discover La Escuela Virogas, a benchmark in barber training in C\u00e1diz. Intensive courses, real-life practice, and advice.","robots":{"index":"index","follow":"follow","max-snippet":"max-snippet:-1","max-image-preview":"max-image-preview:large","max-video-preview":"max-video-preview:-1"},"canonical":"https:\/\/laescuelavirogas.com\/en\/","og_locale":"en_GB","og_type":"article","og_title":"Escuela Virogas: Formaci\u00f3n de Barber\u00eda Profesional en C\u00e1diz | La Escuela Virogas","og_description":"Descubre La Escuela Virogas, referente en formaci\u00f3n de barber\u00eda en C\u00e1diz. Cursos intensivos, pr\u00e1cticas reales y asesoramiento.","og_url":"https:\/\/laescuelavirogas.com\/en\/","og_site_name":"La Escuela Virogas","article_publisher":"https:\/\/www.facebook.com\/profile.php?id=61557962925349","article_modified_time":"2025-11-18T12:52:31+00:00","twitter_card":"summary_large_image","twitter_misc":{"Estimated reading time":"14 minutes"},"schema":{"@context":"https:\/\/schema.org","@graph":[{"@type":"WebPage","@id":"https:\/\/laescuelavirogas.com\/","url":"https:\/\/laescuelavirogas.com\/","name":"Virogas School: Professional Barbering Training in C\u00e1diz | The Virogas School","isPartOf":{"@id":"https:\/\/laescuelavirogas.com\/#website"},"primaryImageOfPage":{"@id":"https:\/\/laescuelavirogas.com\/#primaryimage"},"image":{"@id":"https:\/\/laescuelavirogas.com\/#primaryimage"},"thumbnailUrl":"https:\/\/laescuelavirogas.com\/wp-content\/uploads\/2024\/10\/Group-1125.svg","datePublished":"2024-08-07T08:54:14+00:00","dateModified":"2025-11-18T12:52:31+00:00","description":"Discover La Escuela Virogas, a benchmark in barber training in C\u00e1diz. Intensive courses, real-life practice, and advice.","breadcrumb":{"@id":"https:\/\/laescuelavirogas.com\/#breadcrumb"},"inLanguage":"en-GB","potentialAction":[{"@type":"ReadAction","target":["https:\/\/laescuelavirogas.com\/"]}]},{"@type":"ImageObject","inLanguage":"en-GB","@id":"https:\/\/laescuelavirogas.com\/#primaryimage","url":"https:\/\/laescuelavirogas.com\/wp-content\/uploads\/2024\/10\/Group-1125.svg","contentUrl":"https:\/\/laescuelavirogas.com\/wp-content\/uploads\/2024\/10\/Group-1125.svg"},{"@type":"BreadcrumbList","@id":"https:\/\/laescuelavirogas.com\/#breadcrumb","itemListElement":[{"@type":"ListItem","position":1,"name":"Portada","item":"https:\/\/laescuelavirogas.com\/"},{"@type":"ListItem","position":2,"name":"Inicio"}]},{"@type":"WebSite","@id":"https:\/\/laescuelavirogas.com\/#website","url":"https:\/\/laescuelavirogas.com\/","name":"The Virogas School","description":"Training center for barbers","publisher":{"@id":"https:\/\/laescuelavirogas.com\/#organization"},"alternateName":"La Escuela de barberos Virogas","potentialAction":[{"@type":"SearchAction","target":{"@type":"EntryPoint","urlTemplate":"https:\/\/laescuelavirogas.com\/?s={search_term_string}"},"query-input":{"@type":"PropertyValueSpecification","valueRequired":true,"valueName":"search_term_string"}}],"inLanguage":"en-GB"},{"@type":"Organization","@id":"https:\/\/laescuelavirogas.com\/#organization","name":"The Virogas School","url":"https:\/\/laescuelavirogas.com\/","logo":{"@type":"ImageObject","inLanguage":"en-GB","@id":"https:\/\/laescuelavirogas.com\/#\/schema\/logo\/image\/","url":"https:\/\/laescuelavirogas.com\/wp-content\/uploads\/2024\/10\/Group-1125.svg","contentUrl":"https:\/\/laescuelavirogas.com\/wp-content\/uploads\/2024\/10\/Group-1125.svg","width":403,"height":301,"caption":"La Escuela Virogas"},"image":{"@id":"https:\/\/laescuelavirogas.com\/#\/schema\/logo\/image\/"},"sameAs":["https:\/\/www.facebook.com\/profile.php?id=61557962925349","https:\/\/www.instagram.com\/laescuelavirogas\/"]}]}},"_links":{"self":[{"href":"https:\/\/laescuelavirogas.com\/en\/wp-json\/wp\/v2\/pages\/14","targetHints":{"allow":["GET"]}}],"collection":[{"href":"https:\/\/laescuelavirogas.com\/en\/wp-json\/wp\/v2\/pages"}],"about":[{"href":"https:\/\/laescuelavirogas.com\/en\/wp-json\/wp\/v2\/types\/page"}],"author":[{"embeddable":true,"href":"https:\/\/laescuelavirogas.com\/en\/wp-json\/wp\/v2\/users\/1"}],"replies":[{"embeddable":true,"href":"https:\/\/laescuelavirogas.com\/en\/wp-json\/wp\/v2\/comments?post=14"}],"version-history":[{"count":38,"href":"https:\/\/laescuelavirogas.com\/en\/wp-json\/wp\/v2\/pages\/14\/revisions"}],"predecessor-version":[{"id":2001,"href":"https:\/\/laescuelavirogas.com\/en\/wp-json\/wp\/v2\/pages\/14\/revisions\/2001"}],"wp:attachment":[{"href":"https:\/\/laescuelavirogas.com\/en\/wp-json\/wp\/v2\/media?parent=14"}],"curies":[{"name":"wp","href":"https:\/\/api.w.org\/{rel}","templated":true}]}}